{"id":997,"date":"2023-07-25T10:51:56","date_gmt":"2023-07-25T10:51:56","guid":{"rendered":"https:\/\/kompetenza.com\/contactos\/"},"modified":"2023-10-17T16:47:58","modified_gmt":"2023-10-17T16:47:58","slug":"contacts","status":"publish","type":"page","link":"https:\/\/kompetenza.com\/en\/contacts\/","title":{"rendered":"Contacts"},"content":{"rendered":"\t\t<div data-elementor-type=\"wp-page\" data-elementor-id=\"997\" class=\"elementor elementor-997 elementor-19\" data-elementor-post-type=\"page\">\n\t\t\t\t<div data-dce-background-overlay-image-url=\"https:\/\/kompetenza.com\/wp-content\/uploads\/2023\/07\/bg-variable-2.svg\" class=\"elementor-element elementor-element-c07adf2 e-flex e-con-boxed e-con e-parent\" data-id=\"c07adf2\" data-element_type=\"container\" data-e-type=\"container\" data-settings=\"{&quot;jet_parallax_layout_list&quot;:[]}\">\n\t\t\t\t\t<div class=\"e-con-inner\">\n\t\t<div class=\"elementor-element elementor-element-60c6f49 e-flex e-con-boxed e-con e-child\" data-id=\"60c6f49\" data-element_type=\"container\" data-e-type=\"container\" data-settings=\"{&quot;jet_parallax_layout_list&quot;:[]}\">\n\t\t\t\t\t<div class=\"e-con-inner\">\n\t\t\t\t<div class=\"elementor-element elementor-element-190c171 elementor-widget elementor-widget-heading\" data-id=\"190c171\" data-element_type=\"widget\" data-e-type=\"widget\" data-widget_type=\"heading.default\">\n\t\t\t\t<div class=\"elementor-widget-container\">\n\t\t\t\t\t<h2 class=\"elementor-heading-title elementor-size-default\">Contact<\/h2>\t\t\t\t<\/div>\n\t\t\t\t<\/div>\n\t\t\t\t<div class=\"elementor-element elementor-element-20f57bc elementor-widget elementor-widget-heading\" data-id=\"20f57bc\" data-element_type=\"widget\" data-e-type=\"widget\" data-widget_type=\"heading.default\">\n\t\t\t\t<div class=\"elementor-widget-container\">\n\t\t\t\t\t<h2 class=\"elementor-heading-title elementor-size-default\">Kompetenza: right next to you\n<\/h2>\t\t\t\t<\/div>\n\t\t\t\t<\/div>\n\t\t\t\t<div class=\"elementor-element elementor-element-d61fce4 elementor-widget elementor-widget-text-editor\" data-id=\"d61fce4\" data-element_type=\"widget\" data-e-type=\"widget\" data-widget_type=\"text-editor.default\">\n\t\t\t\t<div class=\"elementor-widget-container\">\n\t\t\t\t\t\t\t\t\t<p>Questions? Doubts? Suggestions? Just to say hello? It&#8217;s here:<\/p>\t\t\t\t\t\t\t\t<\/div>\n\t\t\t\t<\/div>\n\t\t\t\t<div class=\"elementor-element elementor-element-bd6593c elementor-icon-list--layout-traditional elementor-list-item-link-full_width elementor-widget elementor-widget-icon-list\" data-id=\"bd6593c\" data-element_type=\"widget\" data-e-type=\"widget\" data-widget_type=\"icon-list.default\">\n\t\t\t\t<div class=\"elementor-widget-container\">\n\t\t\t\t\t\t\t<ul class=\"elementor-icon-list-items\">\n\t\t\t\t\t\t\t<li class=\"elementor-icon-list-item\">\n\t\t\t\t\t\t\t\t\t\t\t<span class=\"elementor-icon-list-icon\">\n\t\t\t\t\t\t\t<svg xmlns=\"http:\/\/www.w3.org\/2000\/svg\" viewBox=\"0 0 512 512\"><path d=\"M304.3 387.5l-31.9-18.4c-53.8-31-98.6-75.8-129.6-129.6l-18.4-31.9 26-26 33.2-33.2L146 54.2 48.1 72c4.2 214.5 177.4 387.6 391.9 391.9L457.7 366l-94.2-37.7-33.2 33.2-26 26zM352 272l160 64L480 512H448C200.6 512 0 311.4 0 64L0 32 176 0l64 160-55.6 55.6c26.8 46.5 65.5 85.2 112 112L352 272z\"><\/path><\/svg>\t\t\t\t\t\t<\/span>\n\t\t\t\t\t\t\t\t\t\t<span class=\"elementor-icon-list-text\"><a href=\"tel:+351275323207\">+351 275 323 207<\/a><br>(Calling the national landline network)<\/span>\n\t\t\t\t\t\t\t\t\t<\/li>\n\t\t\t\t\t\t\t\t<li class=\"elementor-icon-list-item\">\n\t\t\t\t\t\t\t\t\t\t\t<span class=\"elementor-icon-list-icon\">\n\t\t\t\t\t\t\t<svg xmlns=\"http:\/\/www.w3.org\/2000\/svg\" viewBox=\"0 0 512 512\"><path d=\"M48 150.8l208 143 208-143V112H48v38.8zM464 209L256 352 48 209V400H464V209zM0 400V176 112 64H48 464h48v48 64V400v48H464 48 0V400z\"><\/path><\/svg>\t\t\t\t\t\t<\/span>\n\t\t\t\t\t\t\t\t\t\t<span class=\"elementor-icon-list-text\"><a href=\"info@kompetenza.com\">info@kompetenza.com<\/a><\/span>\n\t\t\t\t\t\t\t\t\t<\/li>\n\t\t\t\t\t\t<\/ul>\n\t\t\t\t\t\t<\/div>\n\t\t\t\t<\/div>\n\t\t\t\t<div class=\"elementor-element elementor-element-08cba0e elementor-widget elementor-widget-text-editor\" data-id=\"08cba0e\" data-element_type=\"widget\" data-e-type=\"widget\" data-widget_type=\"text-editor.default\">\n\t\t\t\t<div class=\"elementor-widget-container\">\n\t\t\t\t\t\t\t\t\t<p>Digitally, we&#8217;re in your company.<br \/>Physically, we&#8217;re here:<\/p>\t\t\t\t\t\t\t\t<\/div>\n\t\t\t\t<\/div>\n\t\t\t\t<div class=\"elementor-element elementor-element-376eb12 elementor-align-start elementor-icon-list--layout-traditional elementor-list-item-link-full_width elementor-widget elementor-widget-icon-list\" data-id=\"376eb12\" data-element_type=\"widget\" data-e-type=\"widget\" data-widget_type=\"icon-list.default\">\n\t\t\t\t<div class=\"elementor-widget-container\">\n\t\t\t\t\t\t\t<ul class=\"elementor-icon-list-items\">\n\t\t\t\t\t\t\t<li class=\"elementor-icon-list-item\">\n\t\t\t\t\t\t\t\t\t\t\t<span class=\"elementor-icon-list-icon\">\n\t\t\t\t\t\t\t<svg xmlns=\"http:\/\/www.w3.org\/2000\/svg\" viewBox=\"0 0 384 512\"><path d=\"M336 192c0-79.5-64.5-144-144-144S48 112.5 48 192c0 16.3 7.7 42 24.7 75.4c16.4 32.2 38.8 66.4 62.1 98.3c20.3 27.9 40.7 53.3 57.2 73.1c16.5-19.8 36.9-45.2 57.2-73.1c23.2-31.9 45.6-66.2 62.1-98.3C328.3 234 336 208.3 336 192zm48 0c0 83.1-105.6 219-160.2 283.6C204.8 498.1 192 512 192 512s-12.8-13.9-31.8-36.4C105.6 411 0 275.1 0 192C0 86 86 0 192 0S384 86 384 192zm-160 0a32 32 0 1 0 -64 0 32 32 0 1 0 64 0zm-112 0a80 80 0 1 1 160 0 80 80 0 1 1 -160 0z\"><\/path><\/svg>\t\t\t\t\t\t<\/span>\n\t\t\t\t\t\t\t\t\t\t<span class=\"elementor-icon-list-text\"><b>Kompetenza Portugal<\/b><br>Rua Marqu\u00eas D\u2019\u00c1vila e Bolama, 161 Piso 1<br> Galerias S\u00e3o Silvestre<br> Covilh\u00e3, 6200-053<br> Portugal<\/span>\n\t\t\t\t\t\t\t\t\t<\/li>\n\t\t\t\t\t\t<\/ul>\n\t\t\t\t\t\t<\/div>\n\t\t\t\t<\/div>\n\t\t\t\t<div class=\"elementor-element elementor-element-830f668 elementor-align-start elementor-icon-list--layout-traditional elementor-list-item-link-full_width elementor-widget elementor-widget-icon-list\" data-id=\"830f668\" data-element_type=\"widget\" data-e-type=\"widget\" data-widget_type=\"icon-list.default\">\n\t\t\t\t<div class=\"elementor-widget-container\">\n\t\t\t\t\t\t\t<ul class=\"elementor-icon-list-items\">\n\t\t\t\t\t\t\t<li class=\"elementor-icon-list-item\">\n\t\t\t\t\t\t\t\t\t\t\t<span class=\"elementor-icon-list-icon\">\n\t\t\t\t\t\t\t<svg xmlns=\"http:\/\/www.w3.org\/2000\/svg\" viewBox=\"0 0 384 512\"><path d=\"M336 192c0-79.5-64.5-144-144-144S48 112.5 48 192c0 16.3 7.7 42 24.7 75.4c16.4 32.2 38.8 66.4 62.1 98.3c20.3 27.9 40.7 53.3 57.2 73.1c16.5-19.8 36.9-45.2 57.2-73.1c23.2-31.9 45.6-66.2 62.1-98.3C328.3 234 336 208.3 336 192zm48 0c0 83.1-105.6 219-160.2 283.6C204.8 498.1 192 512 192 512s-12.8-13.9-31.8-36.4C105.6 411 0 275.1 0 192C0 86 86 0 192 0S384 86 384 192zm-160 0a32 32 0 1 0 -64 0 32 32 0 1 0 64 0zm-112 0a80 80 0 1 1 160 0 80 80 0 1 1 -160 0z\"><\/path><\/svg>\t\t\t\t\t\t<\/span>\n\t\t\t\t\t\t\t\t\t\t<span class=\"elementor-icon-list-text\"><b>Kompetenza Argentina<\/b><br>Santa Fe 819, Correa Provincia de Santa Fe<br>Republica de Argentina<br>+54 9 341 2532900 <\/span>\n\t\t\t\t\t\t\t\t\t<\/li>\n\t\t\t\t\t\t<\/ul>\n\t\t\t\t\t\t<\/div>\n\t\t\t\t<\/div>\n\t\t\t\t\t<\/div>\n\t\t\t\t<\/div>\n\t\t<div class=\"elementor-element elementor-element-93c9dee e-flex e-con-boxed e-con e-child\" data-id=\"93c9dee\" data-element_type=\"container\" data-e-type=\"container\" data-settings=\"{&quot;jet_parallax_layout_list&quot;:[]}\">\n\t\t\t\t\t<div class=\"e-con-inner\">\n\t\t\t\t<div class=\"elementor-element elementor-element-ab11997 elementor-widget elementor-widget-heading\" data-id=\"ab11997\" data-element_type=\"widget\" data-e-type=\"widget\" data-widget_type=\"heading.default\">\n\t\t\t\t<div class=\"elementor-widget-container\">\n\t\t\t\t\t<h2 class=\"elementor-heading-title elementor-size-default\">Send us a message<\/h2>\t\t\t\t<\/div>\n\t\t\t\t<\/div>\n\t\t\t\t<div class=\"elementor-element elementor-element-607b2c2 elementor-button-align-start elementor-widget elementor-widget-form\" data-id=\"607b2c2\" data-element_type=\"widget\" data-e-type=\"widget\" data-settings=\"{&quot;step_next_label&quot;:&quot;Next&quot;,&quot;step_previous_label&quot;:&quot;Anterior&quot;,&quot;button_width&quot;:&quot;100&quot;,&quot;step_type&quot;:&quot;number_text&quot;,&quot;step_icon_shape&quot;:&quot;circle&quot;}\" data-widget_type=\"form.default\">\n\t\t\t\t<div class=\"elementor-widget-container\">\n\t\t\t\t\t\t\t<form class=\"elementor-form\" method=\"post\" name=\"Formul\u00e1rio de Contato\" aria-label=\"Formul\u00e1rio de Contato\">\n\t\t\t<input type=\"hidden\" name=\"post_id\" value=\"997\"\/>\n\t\t\t<input type=\"hidden\" name=\"form_id\" value=\"607b2c2\"\/>\n\t\t\t<input type=\"hidden\" name=\"referer_title\" value=\"Kompetenza\" \/>\n\n\t\t\t\n\t\t\t<div class=\"elementor-form-fields-wrapper elementor-labels-above\">\n\t\t\t\t\t\t\t\t<div class=\"elementor-field-type-text elementor-field-group elementor-column elementor-field-group-name elementor-col-50\">\n\t\t\t\t\t\t\t\t\t\t\t\t<label for=\"form-field-name\" class=\"elementor-field-label\">\n\t\t\t\t\t\t\t\tName\t\t\t\t\t\t\t<\/label>\n\t\t\t\t\t\t\t\t\t\t\t\t\t\t<input size=\"1\" type=\"text\" name=\"form_fields[name]\" id=\"form-field-name\" class=\"elementor-field elementor-size-sm  elementor-field-textual\">\n\t\t\t\t\t\t\t\t\t\t\t<\/div>\n\t\t\t\t\t\t\t\t<div class=\"elementor-field-type-email elementor-field-group elementor-column elementor-field-group-email elementor-col-50 elementor-field-required\">\n\t\t\t\t\t\t\t\t\t\t\t\t<label for=\"form-field-email\" class=\"elementor-field-label\">\n\t\t\t\t\t\t\t\tEmail\t\t\t\t\t\t\t<\/label>\n\t\t\t\t\t\t\t\t\t\t\t\t\t\t<input size=\"1\" type=\"email\" name=\"form_fields[email]\" id=\"form-field-email\" class=\"elementor-field elementor-size-sm  elementor-field-textual\" required=\"required\">\n\t\t\t\t\t\t\t\t\t\t\t<\/div>\n\t\t\t\t\t\t\t\t<div class=\"elementor-field-type-tel elementor-field-group elementor-column elementor-field-group-field_37ba1d2 elementor-col-50 elementor-field-required\">\n\t\t\t\t\t\t\t\t\t\t\t\t<label for=\"form-field-field_37ba1d2\" class=\"elementor-field-label\">\n\t\t\t\t\t\t\t\tPhone Number\t\t\t\t\t\t\t<\/label>\n\t\t\t\t\t\t\t\t<input size=\"1\" type=\"tel\" name=\"form_fields[field_37ba1d2]\" id=\"form-field-field_37ba1d2\" class=\"elementor-field elementor-size-sm  elementor-field-textual\" required=\"required\" pattern=\"[0-9()#&amp;+*-=.]+\" title=\"Only numbers and phone characters (#, -, *, etc) are accepted.\">\n\n\t\t\t\t\t\t<\/div>\n\t\t\t\t\t\t\t\t<div class=\"elementor-field-type-text elementor-field-group elementor-column elementor-field-group-field_5685dd5 elementor-col-50\">\n\t\t\t\t\t\t\t\t\t\t\t\t<label for=\"form-field-field_5685dd5\" class=\"elementor-field-label\">\n\t\t\t\t\t\t\t\tLocation\t\t\t\t\t\t\t<\/label>\n\t\t\t\t\t\t\t\t\t\t\t\t\t\t<input size=\"1\" type=\"text\" name=\"form_fields[field_5685dd5]\" id=\"form-field-field_5685dd5\" class=\"elementor-field elementor-size-sm  elementor-field-textual\">\n\t\t\t\t\t\t\t\t\t\t\t<\/div>\n\t\t\t\t\t\t\t\t<div class=\"elementor-field-type-textarea elementor-field-group elementor-column elementor-field-group-message elementor-col-100\">\n\t\t\t\t\t\t\t\t\t\t\t\t<label for=\"form-field-message\" class=\"elementor-field-label\">\n\t\t\t\t\t\t\t\tMessage\t\t\t\t\t\t\t<\/label>\n\t\t\t\t\t\t<textarea class=\"elementor-field-textual elementor-field  elementor-size-sm\" name=\"form_fields[message]\" id=\"form-field-message\" rows=\"4\"><\/textarea>\t\t\t\t<\/div>\n\t\t\t\t\t\t\t\t<div class=\"elementor-field-type-acceptance elementor-field-group elementor-column elementor-field-group-field_03e5502 elementor-col-100 elementor-field-required\">\n\t\t\t\t\t\t\t<div class=\"elementor-field-subgroup\">\n\t\t\t<span class=\"elementor-field-option\">\n\t\t\t\t<input type=\"checkbox\" name=\"form_fields[field_03e5502]\" id=\"form-field-field_03e5502\" class=\"elementor-field elementor-size-sm  elementor-acceptance-field\" required=\"required\">\n\t\t\t\t<label for=\"form-field-field_03e5502\">By selecting this box, you confirm that you have read and agree to Kompetenza's <a href=\"https:\/\/kompetenza.com\/en\/privacy-policy\/\" target=\"_blank\">Privacy Policy<\/a> regarding the storage of data sent via this form.<\/label>\t\t\t<\/span>\n\t\t<\/div>\n\t\t\t\t\t\t<\/div>\n\t\t\t\t\t\t\t\t<div class=\"elementor-field-group elementor-column elementor-field-type-submit elementor-col-100 e-form__buttons\">\n\t\t\t\t\t<button class=\"elementor-button elementor-size-sm\" type=\"submit\">\n\t\t\t\t\t\t<span class=\"elementor-button-content-wrapper\">\n\t\t\t\t\t\t\t\t\t\t\t\t\t\t\t\t\t\t\t\t\t\t<span class=\"elementor-button-text\">Send<\/span>\n\t\t\t\t\t\t\t\t\t\t\t\t\t<\/span>\n\t\t\t\t\t<\/button>\n\t\t\t\t<\/div>\n\t\t\t<\/div>\n\t\t<\/form>\n\t\t\t\t\t\t<\/div>\n\t\t\t\t<\/div>\n\t\t\t\t\t<\/div>\n\t\t\t\t<\/div>\n\t\t\t\t\t<\/div>\n\t\t\t\t<\/div>\n\t\t<div class=\"elementor-element elementor-element-54f4916 e-con-full e-flex e-con e-parent\" data-id=\"54f4916\" data-element_type=\"container\" data-e-type=\"container\" data-settings=\"{&quot;jet_parallax_layout_list&quot;:[]}\">\n\t\t<div class=\"elementor-element elementor-element-dbe7e2c e-con-full e-flex e-con e-child\" data-id=\"dbe7e2c\" data-element_type=\"container\" data-e-type=\"container\" data-settings=\"{&quot;jet_parallax_layout_list&quot;:[]}\">\n\t\t\t\t<div class=\"elementor-element elementor-element-63c2fc0 elementor-widget elementor-widget-google_maps\" data-id=\"63c2fc0\" data-element_type=\"widget\" data-e-type=\"widget\" data-widget_type=\"google_maps.default\">\n\t\t\t\t<div class=\"elementor-widget-container\">\n\t\t\t\t\t\t\t<div class=\"elementor-custom-embed\">\n\t\t\t<iframe loading=\"lazy\"\n\t\t\t\t\tsrc=\"https:\/\/maps.google.com\/maps?q=Santa%20Fe%20819%2C%20Correa%2C%20argentina&#038;t=m&#038;z=4&#038;output=embed&#038;iwloc=near\"\n\t\t\t\t\ttitle=\"Santa Fe 819, Correa, argentina\"\n\t\t\t\t\taria-label=\"Santa Fe 819, Correa, argentina\"\n\t\t\t><\/iframe>\n\t\t<\/div>\n\t\t\t\t\t\t<\/div>\n\t\t\t\t<\/div>\n\t\t\t\t<\/div>\n\t\t<div class=\"elementor-element elementor-element-0a55a5c e-con-full e-flex e-con e-child\" data-id=\"0a55a5c\" data-element_type=\"container\" data-e-type=\"container\" data-settings=\"{&quot;jet_parallax_layout_list&quot;:[]}\">\n\t\t\t\t<div class=\"elementor-element elementor-element-9c1fec8 elementor-widget elementor-widget-google_maps\" data-id=\"9c1fec8\" data-element_type=\"widget\" data-e-type=\"widget\" data-widget_type=\"google_maps.default\">\n\t\t\t\t<div class=\"elementor-widget-container\">\n\t\t\t\t\t\t\t<div class=\"elementor-custom-embed\">\n\t\t\t<iframe loading=\"lazy\"\n\t\t\t\t\tsrc=\"https:\/\/maps.google.com\/maps?q=kompetenza%20lda&#038;t=m&#038;z=4&#038;output=embed&#038;iwloc=near\"\n\t\t\t\t\ttitle=\"kompetenza lda\"\n\t\t\t\t\taria-label=\"kompetenza lda\"\n\t\t\t><\/iframe>\n\t\t<\/div>\n\t\t\t\t\t\t<\/div>\n\t\t\t\t<\/div>\n\t\t\t\t<\/div>\n\t\t\t\t<\/div>\n\t\t\t\t<\/div>\n\t\t","protected":false},"excerpt":{"rendered":"<p>Contact Kompetenza: right next to you Questions? Doubts? Suggestions? Just to say hello? It&#8217;s here: +351 275 323 207(Calling the national landline network) info@kompetenza.com Digitally, we&#8217;re in your company.Physically, we&#8217;re here: Kompetenza PortugalRua Marqu\u00eas D\u2019\u00c1vila e Bolama, 161 Piso 1 Galerias S\u00e3o Silvestre Covilh\u00e3, 6200-053 Portugal Kompetenza ArgentinaSanta Fe 819, Correa Provincia de Santa FeRepublica [&hellip;]<\/p>\n","protected":false},"author":1,"featured_media":1835,"parent":0,"menu_order":0,"comment_status":"closed","ping_status":"closed","template":"elementor_header_footer","meta":{"_acf_changed":false,"footnotes":""},"class_list":["post-997","page","type-page","status-publish","has-post-thumbnail","hentry"],"acf":[],"yoast_head":"<!-- This site is optimized with the Yoast SEO plugin v27.3 - https:\/\/yoast.com\/product\/yoast-seo-wordpress\/ -->\n<title>Contacts - Kompetenza<\/title>\n<meta name=\"robots\" content=\"index, follow, max-snippet:-1, max-image-preview:large, max-video-preview:-1\" \/>\n<link rel=\"canonical\" href=\"https:\/\/kompetenza.com\/contactos\/\" \/>\n<meta property=\"og:locale\" content=\"en_US\" \/>\n<meta property=\"og:type\" content=\"article\" \/>\n<meta property=\"og:title\" content=\"Contacts - Kompetenza\" \/>\n<meta property=\"og:description\" content=\"Contact Kompetenza: right next to you Questions? Doubts? Suggestions? Just to say hello? It&#8217;s here: +351 275 323 207(Calling the national landline network) info@kompetenza.com Digitally, we&#8217;re in your company.Physically, we&#8217;re here: Kompetenza PortugalRua Marqu\u00eas D\u2019\u00c1vila e Bolama, 161 Piso 1 Galerias S\u00e3o Silvestre Covilh\u00e3, 6200-053 Portugal Kompetenza ArgentinaSanta Fe 819, Correa Provincia de Santa FeRepublica [&hellip;]\" \/>\n<meta property=\"og:url\" content=\"https:\/\/kompetenza.com\/contactos\/\" \/>\n<meta property=\"og:site_name\" content=\"Kompetenza\" \/>\n<meta property=\"article:modified_time\" content=\"2023-10-17T16:47:58+00:00\" \/>\n<meta name=\"twitter:card\" content=\"summary_large_image\" \/>\n<meta name=\"twitter:label1\" content=\"Est. reading time\" \/>\n\t<meta name=\"twitter:data1\" content=\"1 minute\" \/>\n<script type=\"application\/ld+json\" class=\"yoast-schema-graph\">{\"@context\":\"https:\\\/\\\/schema.org\",\"@graph\":[{\"@type\":\"WebPage\",\"@id\":\"https:\\\/\\\/kompetenza.com\\\/contactos\\\/\",\"url\":\"https:\\\/\\\/kompetenza.com\\\/contactos\\\/\",\"name\":\"Contacts - Kompetenza\",\"isPartOf\":{\"@id\":\"https:\\\/\\\/kompetenza.com\\\/#website\"},\"primaryImageOfPage\":{\"@id\":\"https:\\\/\\\/kompetenza.com\\\/contactos\\\/#primaryimage\"},\"image\":{\"@id\":\"https:\\\/\\\/kompetenza.com\\\/contactos\\\/#primaryimage\"},\"thumbnailUrl\":\"https:\\\/\\\/kompetenza.com\\\/wp-content\\\/uploads\\\/2023\\\/10\\\/pagina-contactos.jpg\",\"datePublished\":\"2023-07-25T10:51:56+00:00\",\"dateModified\":\"2023-10-17T16:47:58+00:00\",\"breadcrumb\":{\"@id\":\"https:\\\/\\\/kompetenza.com\\\/contactos\\\/#breadcrumb\"},\"inLanguage\":\"en-US\",\"potentialAction\":[{\"@type\":\"ReadAction\",\"target\":[\"https:\\\/\\\/kompetenza.com\\\/contactos\\\/\"]}]},{\"@type\":\"ImageObject\",\"inLanguage\":\"en-US\",\"@id\":\"https:\\\/\\\/kompetenza.com\\\/contactos\\\/#primaryimage\",\"url\":\"https:\\\/\\\/kompetenza.com\\\/wp-content\\\/uploads\\\/2023\\\/10\\\/pagina-contactos.jpg\",\"contentUrl\":\"https:\\\/\\\/kompetenza.com\\\/wp-content\\\/uploads\\\/2023\\\/10\\\/pagina-contactos.jpg\",\"width\":406,\"height\":250},{\"@type\":\"BreadcrumbList\",\"@id\":\"https:\\\/\\\/kompetenza.com\\\/contactos\\\/#breadcrumb\",\"itemListElement\":[{\"@type\":\"ListItem\",\"position\":1,\"name\":\"In\u00edcio\",\"item\":\"https:\\\/\\\/kompetenza.com\\\/en\\\/\"},{\"@type\":\"ListItem\",\"position\":2,\"name\":\"Contacts\"}]},{\"@type\":\"WebSite\",\"@id\":\"https:\\\/\\\/kompetenza.com\\\/#website\",\"url\":\"https:\\\/\\\/kompetenza.com\\\/\",\"name\":\"Kompetenza\",\"description\":\"Grow simple\",\"potentialAction\":[{\"@type\":\"SearchAction\",\"target\":{\"@type\":\"EntryPoint\",\"urlTemplate\":\"https:\\\/\\\/kompetenza.com\\\/?s={search_term_string}\"},\"query-input\":{\"@type\":\"PropertyValueSpecification\",\"valueRequired\":true,\"valueName\":\"search_term_string\"}}],\"inLanguage\":\"en-US\"}]}<\/script>\n<!-- \/ Yoast SEO plugin. -->","yoast_head_json":{"title":"Contacts - Kompetenza","robots":{"index":"index","follow":"follow","max-snippet":"max-snippet:-1","max-image-preview":"max-image-preview:large","max-video-preview":"max-video-preview:-1"},"canonical":"https:\/\/kompetenza.com\/contactos\/","og_locale":"en_US","og_type":"article","og_title":"Contacts - Kompetenza","og_description":"Contact Kompetenza: right next to you Questions? Doubts? Suggestions? Just to say hello? It&#8217;s here: +351 275 323 207(Calling the national landline network) info@kompetenza.com Digitally, we&#8217;re in your company.Physically, we&#8217;re here: Kompetenza PortugalRua Marqu\u00eas D\u2019\u00c1vila e Bolama, 161 Piso 1 Galerias S\u00e3o Silvestre Covilh\u00e3, 6200-053 Portugal Kompetenza ArgentinaSanta Fe 819, Correa Provincia de Santa FeRepublica [&hellip;]","og_url":"https:\/\/kompetenza.com\/contactos\/","og_site_name":"Kompetenza","article_modified_time":"2023-10-17T16:47:58+00:00","twitter_card":"summary_large_image","twitter_misc":{"Est. reading time":"1 minute"},"schema":{"@context":"https:\/\/schema.org","@graph":[{"@type":"WebPage","@id":"https:\/\/kompetenza.com\/contactos\/","url":"https:\/\/kompetenza.com\/contactos\/","name":"Contacts - Kompetenza","isPartOf":{"@id":"https:\/\/kompetenza.com\/#website"},"primaryImageOfPage":{"@id":"https:\/\/kompetenza.com\/contactos\/#primaryimage"},"image":{"@id":"https:\/\/kompetenza.com\/contactos\/#primaryimage"},"thumbnailUrl":"https:\/\/kompetenza.com\/wp-content\/uploads\/2023\/10\/pagina-contactos.jpg","datePublished":"2023-07-25T10:51:56+00:00","dateModified":"2023-10-17T16:47:58+00:00","breadcrumb":{"@id":"https:\/\/kompetenza.com\/contactos\/#breadcrumb"},"inLanguage":"en-US","potentialAction":[{"@type":"ReadAction","target":["https:\/\/kompetenza.com\/contactos\/"]}]},{"@type":"ImageObject","inLanguage":"en-US","@id":"https:\/\/kompetenza.com\/contactos\/#primaryimage","url":"https:\/\/kompetenza.com\/wp-content\/uploads\/2023\/10\/pagina-contactos.jpg","contentUrl":"https:\/\/kompetenza.com\/wp-content\/uploads\/2023\/10\/pagina-contactos.jpg","width":406,"height":250},{"@type":"BreadcrumbList","@id":"https:\/\/kompetenza.com\/contactos\/#breadcrumb","itemListElement":[{"@type":"ListItem","position":1,"name":"In\u00edcio","item":"https:\/\/kompetenza.com\/en\/"},{"@type":"ListItem","position":2,"name":"Contacts"}]},{"@type":"WebSite","@id":"https:\/\/kompetenza.com\/#website","url":"https:\/\/kompetenza.com\/","name":"Kompetenza","description":"Grow simple","potentialAction":[{"@type":"SearchAction","target":{"@type":"EntryPoint","urlTemplate":"https:\/\/kompetenza.com\/?s={search_term_string}"},"query-input":{"@type":"PropertyValueSpecification","valueRequired":true,"valueName":"search_term_string"}}],"inLanguage":"en-US"}]}},"_links":{"self":[{"href":"https:\/\/kompetenza.com\/en\/wp-json\/wp\/v2\/pages\/997","targetHints":{"allow":["GET"]}}],"collection":[{"href":"https:\/\/kompetenza.com\/en\/wp-json\/wp\/v2\/pages"}],"about":[{"href":"https:\/\/kompetenza.com\/en\/wp-json\/wp\/v2\/types\/page"}],"author":[{"embeddable":true,"href":"https:\/\/kompetenza.com\/en\/wp-json\/wp\/v2\/users\/1"}],"replies":[{"embeddable":true,"href":"https:\/\/kompetenza.com\/en\/wp-json\/wp\/v2\/comments?post=997"}],"version-history":[{"count":5,"href":"https:\/\/kompetenza.com\/en\/wp-json\/wp\/v2\/pages\/997\/revisions"}],"predecessor-version":[{"id":1597,"href":"https:\/\/kompetenza.com\/en\/wp-json\/wp\/v2\/pages\/997\/revisions\/1597"}],"wp:featuredmedia":[{"embeddable":true,"href":"https:\/\/kompetenza.com\/en\/wp-json\/wp\/v2\/media\/1835"}],"wp:attachment":[{"href":"https:\/\/kompetenza.com\/en\/wp-json\/wp\/v2\/media?parent=997"}],"curies":[{"name":"wp","href":"https:\/\/api.w.org\/{rel}","templated":true}]}}